{"id":549,"date":"2021-05-09T15:56:15","date_gmt":"2021-05-09T15:56:15","guid":{"rendered":"https:\/\/poncebernal.es\/?page_id=549"},"modified":"2021-05-30T08:55:52","modified_gmt":"2021-05-30T08:55:52","slug":"postales","status":"publish","type":"page","link":"https:\/\/poncebernal.es\/?page_id=549","title":{"rendered":"POSTALES"},"content":{"rendered":"<p>[et_pb_section fb_built=\u00bb1&#8243; fullwidth=\u00bbon\u00bb _builder_version=\u00bb4.9.2&#8243; _module_preset=\u00bbdefault\u00bb background_enable_image=\u00bboff\u00bb custom_padding=\u00bb0px||0px|||\u00bb][et_pb_fullwidth_slider show_arrows=\u00bboff\u00bb show_pagination=\u00bboff\u00bb _builder_version=\u00bb4.9.2&#8243; _module_preset=\u00bbdefault\u00bb background_position=\u00bbtop_left\u00bb custom_button=\u00bbon\u00bb button_font=\u00bbBarlow Condensed||||||||\u00bb button_use_icon=\u00bboff\u00bb custom_margin=\u00bb||27px|||\u00bb custom_padding=\u00bb152px||151px|||\u00bb saved_tabs=\u00bball\u00bb][et_pb_slide heading=\u00bbPOSTALES\u00bb use_bg_overlay=\u00bboff\u00bb _builder_version=\u00bb4.9.2&#8243; _module_preset=\u00bbdefault\u00bb header_font=\u00bbBarlow Condensed|700||||on|||\u00bb header_font_size=\u00bb1663%\u00bb header_letter_spacing=\u00bb4px\u00bb body_font=\u00bbBarlow Condensed||||||||\u00bb body_font_size=\u00bb20px\u00bb background_color=\u00bbrgba(40,41,62,0.81)\u00bb background_image=\u00bbhttp:\/\/poncebernal.es\/wp-content\/uploads\/2021\/05\/4REV.FLOREAL.jpg\u00bb background_enable_image=\u00bbon\u00bb background_blend=\u00bboverlay\u00bb button_alignment=\u00bbcenter\u00bb header_font_size_tablet=\u00bb\u00bb header_font_size_phone=\u00bb366%\u00bb header_font_size_last_edited=\u00bbon|phone\u00bb sticky_transition=\u00bbon\u00bb]<\/p>\n<p>Su legado m\u00e1s hermoso<\/p>\n<p>[\/et_pb_slide][\/et_pb_fullwidth_slider][\/et_pb_section][et_pb_section fb_built=\u00bb1&#8243; _builder_version=\u00bb4.9.2&#8243; _module_preset=\u00bbdefault\u00bb custom_padding=\u00bb114px|||||\u00bb][et_pb_row _builder_version=\u00bb4.9.2&#8243; _module_preset=\u00bbdefault\u00bb][et_pb_column type=\u00bb4_4&#8243; _builder_version=\u00bb4.9.2&#8243; _module_preset=\u00bbdefault\u00bb][et_pb_divider color=\u00bb#000000&#8243; divider_weight=\u00bb8px\u00bb _builder_version=\u00bb4.9.2&#8243; _module_preset=\u00bbdefault\u00bb width=\u00bb51%\u00bb max_width=\u00bb22%\u00bb custom_margin=\u00bb||5px|||\u00bb custom_padding=\u00bb||26px|||\u00bb global_module=\u00bb211&#8243; saved_tabs=\u00bball\u00bb][\/et_pb_divider][et_pb_cta title=\u00bbLAS POSTALES. SU LEGADO M\u00c1S HERMOSO\u00bb _builder_version=\u00bb4.9.2&#8243; _dynamic_attributes=\u00bbcontent\u00bb _module_preset=\u00bbdefault\u00bb header_level=\u00bbh1&#8243; header_font=\u00bbBarlow Condensed|700|||||||\u00bb header_text_color=\u00bb#000000&#8243; header_font_size=\u00bb60px\u00bb body_font=\u00bbBarlow Condensed|300|||||||\u00bb body_text_color=\u00bb#000000&#8243; body_font_size=\u00bb43px\u00bb body_letter_spacing=\u00bb1px\u00bb body_line_height=\u00bb1.3em\u00bb background_enable_color=\u00bboff\u00bb use_background_color=\u00bboff\u00bb text_orientation=\u00bbleft\u00bb custom_margin=\u00bb-29px||-1px|||\u00bb custom_padding=\u00bb||0px|||\u00bb header_text_color_tablet=\u00bb\u00bb header_text_color_phone=\u00bb\u00bb header_text_color_last_edited=\u00bbon|tablet\u00bb header_font_size_tablet=\u00bb50px\u00bb header_font_size_phone=\u00bb\u00bb header_font_size_last_edited=\u00bbon|phone\u00bb]@ET-DC@eyJkeW5hbWljIjp0cnVlLCJjb250ZW50IjoicG9zdF9leGNlcnB0Iiwic2V0dGluZ3MiOnsiYmVmb3JlIjoiIiwiYWZ0ZXIiOiIiLCJ3b3JkcyI6IiIsInJlYWRfbW9yZV9sYWJlbCI6IiJ9fQ==@[\/et_pb_cta][et_pb_text _builder_version=\u00bb4.9.2&#8243; _module_preset=\u00bbdefault\u00bb custom_margin=\u00bb5px|||||\u00bb]<\/p>\n<p>Las cartas que escribi\u00f3 desde la prisi\u00f3n es su legado m\u00e1s hermoso. Este epistolario es mucho m\u00e1s que una mera correspondencia con su familia. Encierra elementos ideol\u00f3gicos y contiene detalles de su cautiverio que de otro modo no hubi\u00e9ramos podido conocer, tal era su situaci\u00f3n f\u00edsica (sin ropa y sin dinero), su estado de \u00e1nimo, la desesperaci\u00f3n y la tragedia de verse de nuevo privado de lo m\u00e1s preciado: la libertad.<\/p>\n<p>En momentos dram\u00e1ticos como los que vivi\u00f3 Jos\u00e9 Ponce Bernal, escribir y dibujar eran sus recursos para la evasi\u00f3n. Componer las postales supuso para \u00e9l la \u00fanica manera de mantenerse vivo, de seguir resistiendo. Lo utilizaba como veh\u00edculo para hacer frente a una situaci\u00f3n dram\u00e1tica, extrema.<\/p>\n<p>Nos encontramos as\u00ed con una faceta suya nueva: comunicar a trav\u00e9s del grafismo y del arte. Ten\u00eda visi\u00f3n espacial y talento art\u00edstico. Conoc\u00eda sistemas de representaci\u00f3n gr\u00e1fica de la perspectiva, simulaba estilos, como la xilograf\u00eda; y mostraba, en general, habilidades especiales para el dibujo art\u00edstico y t\u00e9cnico.<\/p>\n<p>La influencia del cine, arte de vanguardia durante toda la d\u00e9cada de 1930, estaba presente en muchas de estas postales, dibujando personajes que se hicieron famosos a trav\u00e9s de la gran pantalla y tambi\u00e9n del c\u00f3mic: Mickey Mouse, F\u00e9lix el Gato, Popeye, Betty Boop, Caperucita Roja o la idolatrada y joven actriz Shirley Temple.<\/p>\n<p>[\/et_pb_text][et_pb_gallery gallery_ids=\u00bb564&#8243; fullwidth=\u00bbon\u00bb _builder_version=\u00bb4.9.2&#8243; _module_preset=\u00bbdefault\u00bb title_level=\u00bbh2&#8243; title_font=\u00bb|||on|||||\u00bb][\/et_pb_gallery][\/et_pb_column][\/et_pb_row][et_pb_row column_structure=\u00bb1_2,1_2&#8243; _builder_version=\u00bb4.9.2&#8243; _module_preset=\u00bbdefault\u00bb][et_pb_column type=\u00bb1_2&#8243; _builder_version=\u00bb4.9.2&#8243; _module_preset=\u00bbdefault\u00bb][et_pb_button button_url=\u00bbhttps:\/\/poncebernal.es\/?page_id=1212&#8243; button_text=\u00bbVER GALER\u00cdA\u00bb _builder_version=\u00bb4.9.2&#8243; _module_preset=\u00bbdefault\u00bb][\/et_pb_button][\/et_pb_column][et_pb_column type=\u00bb1_2&#8243; _builder_version=\u00bb4.9.2&#8243; _module_preset=\u00bbdefault\u00bb][\/et_pb_column][\/et_pb_row][et_pb_row _builder_version=\u00bb4.9.2&#8243; _module_preset=\u00bbdefault\u00bb width=\u00bb97%\u00bb][et_pb_column type=\u00bb4_4&#8243; _builder_version=\u00bb4.9.2&#8243; _module_preset=\u00bbdefault\u00bb][et_pb_text _builder_version=\u00bb4.9.2&#8243; _module_preset=\u00bbdefault\u00bb custom_margin=\u00bb5px|||||\u00bb]<\/p>\n<p>Y con los dibujos, una escritura \u00edntima y personal, sentimental, emotiva. Las cartas a sus hijos son las m\u00e1s llamativas en este sentido. Desplegaba todo su talento y jugaba con los recursos ling\u00fc\u00edsticos y estil\u00edsticos mostrando sus habilidades ret\u00f3ricas. Regalaba a su familia momentos verdaderamente \u00fanicos.<\/p>\n<p>La postal del pajarito es una escritura es muy representativa de su producci\u00f3n epistolar. Hizo una descripci\u00f3n simb\u00f3lica o aleg\u00f3rica utilizando el p\u00e1jaro como concepto, m\u00e1s que como ser y objeto, lo que hace que el texto sea literario y persiga la emoci\u00f3n. No es un mero p\u00e1jaro, sino la met\u00e1fora de la libertad, que en una c\u00e1rcel es lo m\u00e1s significativo. El p\u00e1jaro transciende su condici\u00f3n para ser un s\u00edmbolo, un anhelo. Este elemento de la libertad est\u00e1 presente en muchas de las cartas de un modo muy ambiguo y l\u00edrico para conjurar el peligro de la censura. Su escritura es, por tanto, muy medida y meditada. No ya por el formato f\u00edsico de las postales, que requer\u00eda paciencia, dedicaci\u00f3n y esmero, sino porque en ellas quer\u00eda expresar un pensamiento. Al escribir a los hijos, sus met\u00e1foras pasaban m\u00e1s desapercibidas, sorteaba la censura y veladamente enviaba mensajes.<\/p>\n<p>Estas cartas, que son el ep\u00edlogo de su vida, fueron las culpables, en el mejor sentido, de que yo haya llegado hasta aqu\u00ed y de que la obra de este periodista pueda conocerse.<\/p>\n<p>[\/et_pb_text][et_pb_button button_url=\u00bbhttps:\/\/www.poncebernal.es\/archivos\/epistolario.pdf\u00bb button_text=\u00bbVer Epistolario\u00bb _builder_version=\u00bb4.9.2&#8243; _module_preset=\u00bbdefault\u00bb][\/et_pb_button][\/et_pb_column][\/et_pb_row][\/et_pb_section][et_pb_section fb_built=\u00bb1&#8243; _builder_version=\u00bb4.9.2&#8243; _module_preset=\u00bbdefault\u00bb][et_pb_row _builder_version=\u00bb4.9.2&#8243; _module_preset=\u00bbdefault\u00bb max_width=\u00bb1576px\u00bb][et_pb_column type=\u00bb4_4&#8243; _builder_version=\u00bb4.9.2&#8243; _module_preset=\u00bbdefault\u00bb][et_pb_divider color=\u00bb#000000&#8243; divider_weight=\u00bb8px\u00bb _builder_version=\u00bb4.9.2&#8243; _module_preset=\u00bbdefault\u00bb width=\u00bb51%\u00bb max_width=\u00bb22%\u00bb custom_margin=\u00bb||5px|||\u00bb custom_padding=\u00bb||26px|||\u00bb global_module=\u00bb211&#8243;][\/et_pb_divider][et_pb_cta title=\u00bbPOSTALES\u00bb _builder_version=\u00bb4.9.2&#8243; _dynamic_attributes=\u00bbcontent\u00bb _module_preset=\u00bbdefault\u00bb header_level=\u00bbh1&#8243; header_font=\u00bbBarlow Condensed|700|||||||\u00bb header_text_color=\u00bb#000000&#8243; header_font_size=\u00bb60px\u00bb body_font=\u00bbBarlow Condensed|300|||||||\u00bb body_text_color=\u00bb#000000&#8243; body_font_size=\u00bb43px\u00bb body_letter_spacing=\u00bb1px\u00bb body_line_height=\u00bb1.3em\u00bb background_enable_color=\u00bboff\u00bb use_background_color=\u00bboff\u00bb text_orientation=\u00bbleft\u00bb custom_margin=\u00bb-29px||-1px|||\u00bb custom_padding=\u00bb||0px|||\u00bb header_text_color_tablet=\u00bb\u00bb header_text_color_phone=\u00bb\u00bb header_text_color_last_edited=\u00bbon|tablet\u00bb header_font_size_tablet=\u00bb50px\u00bb header_font_size_phone=\u00bb\u00bb header_font_size_last_edited=\u00bbon|phone\u00bb]@ET-DC@eyJkeW5hbWljIjp0cnVlLCJjb250ZW50IjoicG9zdF9leGNlcnB0Iiwic2V0dGluZ3MiOnsiYmVmb3JlIjoiIiwiYWZ0ZXIiOiIiLCJ3b3JkcyI6IiIsInJlYWRfbW9yZV9sYWJlbCI6IiJ9fQ==@[\/et_pb_cta][et_pb_gallery gallery_ids=\u00bb575,576,577,578&#8243; _builder_version=\u00bb4.9.2&#8243; _module_preset=\u00bbdefault\u00bb title_level=\u00bbh2&#8243; custom_padding=\u00bb||0px|15px||\u00bb hover_enabled=\u00bb0&#8243; custom_margin=\u00bb0px|||||\u00bb sticky_enabled=\u00bb0&#8243;][\/et_pb_gallery][et_pb_audio audio=\u00bbhttp:\/\/poncebernal.es\/wp-content\/uploads\/2021\/05\/postal.mp3&#8243; title=\u00bbAUDIO POSTAL\u00bb artist_name=\u00bbAudio descripci\u00f3n de la postal %22Pio-Pio%22.\u00bb _builder_version=\u00bb4.9.2&#8243; _module_preset=\u00bbdefault\u00bb background_color=\u00bb#0C71C3&#8243;][\/et_pb_audio][\/et_pb_column][\/et_pb_row][\/et_pb_section]<\/p>\n","protected":false},"excerpt":{"rendered":"<p>[et_pb_section fb_built=\u00bb1&#8243; fullwidth=\u00bbon\u00bb _builder_version=\u00bb4.9.2&#8243; _module_preset=\u00bbdefault\u00bb background_enable_image=\u00bboff\u00bb custom_padding=\u00bb0px||0px|||\u00bb][et_pb_fullwidth_slider show_arrows=\u00bboff\u00bb show_pagination=\u00bboff\u00bb _builder_version=\u00bb4.9.2&#8243; _module_preset=\u00bbdefault\u00bb background_position=\u00bbtop_left\u00bb custom_button=\u00bbon\u00bb button_font=\u00bbBarlow Condensed||||||||\u00bb button_use_icon=\u00bboff\u00bb custom_margin=\u00bb||27px|||\u00bb custom_padding=\u00bb152px||151px|||\u00bb saved_tabs=\u00bball\u00bb][et_pb_slide heading=\u00bbPOSTALES\u00bb use_bg_overlay=\u00bboff\u00bb _builder_version=\u00bb4.9.2&#8243; _module_preset=\u00bbdefault\u00bb header_font=\u00bbBarlow Condensed|700||||on|||\u00bb header_font_size=\u00bb1663%\u00bb header_letter_spacing=\u00bb4px\u00bb body_font=\u00bbBarlow Condensed||||||||\u00bb body_font_size=\u00bb20px\u00bb background_color=\u00bbrgba(40,41,62,0.81)\u00bb background_image=\u00bbhttp:\/\/poncebernal.es\/wp-content\/uploads\/2021\/05\/4REV.FLOREAL.jpg\u00bb background_enable_image=\u00bbon\u00bb background_blend=\u00bboverlay\u00bb button_alignment=\u00bbcenter\u00bb header_font_size_tablet=\u00bb\u00bb header_font_size_phone=\u00bb366%\u00bb header_font_size_last_edited=\u00bbon|phone\u00bb sticky_transition=\u00bbon\u00bb] Su legado m\u00e1s hermoso [\/et_pb_slide][\/et_pb_fullwidth_slider][\/et_pb_section][et_pb_section fb_built=\u00bb1&#8243; _builder_version=\u00bb4.9.2&#8243; _module_preset=\u00bbdefault\u00bb custom_padding=\u00bb114px|||||\u00bb][et_pb_row _builder_version=\u00bb4.9.2&#8243; _module_preset=\u00bbdefault\u00bb][et_pb_column type=\u00bb4_4&#8243; _builder_version=\u00bb4.9.2&#8243; _module_preset=\u00bbdefault\u00bb][et_pb_divider color=\u00bb#000000&#8243; divider_weight=\u00bb8px\u00bb [&hellip;]<\/p>\n","protected":false},"author":1,"featured_media":0,"parent":0,"menu_order":0,"comment_status":"closed","ping_status":"closed","template":"","meta":{"_et_pb_use_builder":"on","_et_pb_old_content":"","_et_gb_content_width":""},"_links":{"self":[{"href":"https:\/\/poncebernal.es\/index.php?rest_route=\/wp\/v2\/pages\/549"}],"collection":[{"href":"https:\/\/poncebernal.es\/index.php?rest_route=\/wp\/v2\/pages"}],"about":[{"href":"https:\/\/poncebernal.es\/index.php?rest_route=\/wp\/v2\/types\/page"}],"author":[{"embeddable":true,"href":"https:\/\/poncebernal.es\/index.php?rest_route=\/wp\/v2\/users\/1"}],"replies":[{"embeddable":true,"href":"https:\/\/poncebernal.es\/index.php?rest_route=%2Fwp%2Fv2%2Fcomments&post=549"}],"version-history":[{"count":29,"href":"https:\/\/poncebernal.es\/index.php?rest_route=\/wp\/v2\/pages\/549\/revisions"}],"predecessor-version":[{"id":1551,"href":"https:\/\/poncebernal.es\/index.php?rest_route=\/wp\/v2\/pages\/549\/revisions\/1551"}],"wp:attachment":[{"href":"https:\/\/poncebernal.es\/index.php?rest_route=%2Fwp%2Fv2%2Fmedia&parent=549"}],"curies":[{"name":"wp","href":"https:\/\/api.w.org\/{rel}","templated":true}]}}